{"id":16,"date":"2024-08-13T13:04:49","date_gmt":"2024-08-13T11:04:49","guid":{"rendered":"https:\/\/www.al-keramik.ch\/?page_id=16"},"modified":"2024-08-13T14:46:40","modified_gmt":"2024-08-13T12:46:40","slug":"badezimmer","status":"publish","type":"page","link":"https:\/\/www.al-keramik.ch\/index.php\/badezimmer\/","title":{"rendered":"Badezimmer"},"content":{"rendered":"\t\t<div data-elementor-type=\"wp-page\" data-elementor-id=\"16\" class=\"elementor elementor-16\">\n\t\t\t\t\t\t<section class=\"elementor-section elementor-top-section elementor-element elementor-element-1505dd50 elementor-section-boxed elementor-section-height-default elementor-section-height-default\" data-id=\"1505dd50\" data-element_type=\"section\" data-e-type=\"section\" data-settings=\"{&quot;background_background&quot;:&quot;classic&quot;}\">\n\t\t\t\t\t\t\t<div class=\"elementor-background-overlay\"><\/div>\n\t\t\t\t\t\t\t<div class=\"elementor-container elementor-column-gap-default\">\n\t\t\t\t\t<div class=\"elementor-column elementor-col-100 elementor-top-column elementor-element elementor-element-607932c9\" data-id=\"607932c9\" data-element_type=\"column\" data-e-type=\"column\">\n\t\t\t<div class=\"elementor-widget-wrap elementor-element-populated\">\n\t\t\t\t\t\t<div class=\"elementor-element elementor-element-685cbc71 elementor-widget elementor-widget-heading\" data-id=\"685cbc71\" data-element_type=\"widget\" data-e-type=\"widget\" data-widget_type=\"heading.default\">\n\t\t\t\t<div class=\"elementor-widget-container\">\n\t\t\t\t\t<h3 class=\"elementor-heading-title elementor-size-default\">Badezimmer<\/h3>\t\t\t\t<\/div>\n\t\t\t\t<\/div>\n\t\t\t\t<div class=\"elementor-element elementor-element-2132e702 elementor-widget elementor-widget-text-editor\" data-id=\"2132e702\" data-element_type=\"widget\" data-e-type=\"widget\" data-widget_type=\"text-editor.default\">\n\t\t\t\t<div class=\"elementor-widget-container\">\n\t\t\t\t\t\t\t\t\t<div class=\"flex max-w-full flex-col flex-grow\"><div class=\"min-h-[20px] text-message flex w-full flex-col items-end gap-2 whitespace-pre-wrap break-words [.text-message+&amp;]:mt-5 overflow-x-auto\" dir=\"auto\" data-message-author-role=\"assistant\" data-message-id=\"d722ec26-54e2-45f8-8688-63decf307c0a\"><div class=\"flex w-full flex-col gap-1 empty:hidden first:pt-[3px]\"><div class=\"markdown prose w-full break-words dark:prose-invert light\"><p>&#8222;Verwandeln Sie Ihr Badezimmer in eine Oase der Entspannung mit unseren stilvollen Karamik-Bel\u00e4gen. Unsere hochwertigen Boden- und Wandbel\u00e4ge sind nicht nur wasserfest und pflegeleicht, sondern auch in einer Vielzahl von Designs erh\u00e4ltlich, die perfekt auf Ihren Geschmack abgestimmt sind. Ob modern, klassisch oder luxuri\u00f6s \u2013 wir helfen Ihnen, Ihr Traumbadezimmer zu gestalten, das Funktionalit\u00e4t und Eleganz harmonisch vereint.&#8220;<\/p><\/div><\/div><\/div><\/div>\t\t\t\t\t\t\t\t<\/div>\n\t\t\t\t<\/div>\n\t\t\t\t\t<\/div>\n\t\t<\/div>\n\t\t\t\t\t<\/div>\n\t\t<\/section>\n\t\t<div class=\"elementor-element elementor-element-d4d35b0 e-flex e-con-boxed e-con e-parent\" data-id=\"d4d35b0\" data-element_type=\"container\" data-e-type=\"container\">\n\t\t\t\t\t<div class=\"e-con-inner\">\n\t\t<div class=\"elementor-element elementor-element-f6aa5a7 e-con-full e-flex e-con e-child\" data-id=\"f6aa5a7\" data-element_type=\"container\" data-e-type=\"container\">\n\t\t\t\t<div class=\"elementor-element elementor-element-b475c79 elementor-widget elementor-widget-image\" data-id=\"b475c79\" data-element_type=\"widget\" data-e-type=\"widget\" data-widget_type=\"image.default\">\n\t\t\t\t<div class=\"elementor-widget-container\">\n\t\t\t\t\t\t\t\t\t\t\t\t\t\t\t<img fetchpriority=\"high\" decoding=\"async\" width=\"1024\" height=\"724\" src=\"https:\/\/www.al-keramik.ch\/wp-content\/uploads\/2024\/08\/marato-grigio-bagno-1024x724.jpg\" class=\"attachment-large size-large wp-image-65\" alt=\"\" srcset=\"https:\/\/www.al-keramik.ch\/wp-content\/uploads\/2024\/08\/marato-grigio-bagno-1024x724.jpg 1024w, https:\/\/www.al-keramik.ch\/wp-content\/uploads\/2024\/08\/marato-grigio-bagno-300x212.jpg 300w, https:\/\/www.al-keramik.ch\/wp-content\/uploads\/2024\/08\/marato-grigio-bagno-768x543.jpg 768w, https:\/\/www.al-keramik.ch\/wp-content\/uploads\/2024\/08\/marato-grigio-bagno.jpg 1110w\" sizes=\"(max-width: 1024px) 100vw, 1024px\" \/>\t\t\t\t\t\t\t\t\t\t\t\t\t\t\t<\/div>\n\t\t\t\t<\/div>\n\t\t\t\t<\/div>\n\t\t<div class=\"elementor-element elementor-element-7c6b8eb e-con-full e-flex e-con e-child\" data-id=\"7c6b8eb\" data-element_type=\"container\" data-e-type=\"container\">\n\t\t\t\t<div class=\"elementor-element elementor-element-9c00125 elementor-widget elementor-widget-image\" data-id=\"9c00125\" data-element_type=\"widget\" data-e-type=\"widget\" data-widget_type=\"image.default\">\n\t\t\t\t<div class=\"elementor-widget-container\">\n\t\t\t\t\t\t\t\t\t\t\t\t\t\t\t<img decoding=\"async\" width=\"1024\" height=\"724\" src=\"https:\/\/www.al-keramik.ch\/wp-content\/uploads\/2024\/08\/malawi-bagno-1024x724.jpg\" class=\"attachment-large size-large wp-image-87\" alt=\"\" srcset=\"https:\/\/www.al-keramik.ch\/wp-content\/uploads\/2024\/08\/malawi-bagno-1024x724.jpg 1024w, https:\/\/www.al-keramik.ch\/wp-content\/uploads\/2024\/08\/malawi-bagno-300x212.jpg 300w, https:\/\/www.al-keramik.ch\/wp-content\/uploads\/2024\/08\/malawi-bagno-768x543.jpg 768w, https:\/\/www.al-keramik.ch\/wp-content\/uploads\/2024\/08\/malawi-bagno.jpg 1110w\" sizes=\"(max-width: 1024px) 100vw, 1024px\" \/>\t\t\t\t\t\t\t\t\t\t\t\t\t\t\t<\/div>\n\t\t\t\t<\/div>\n\t\t\t\t<\/div>\n\t\t<div class=\"elementor-element elementor-element-6d1481c e-con-full e-flex e-con e-child\" data-id=\"6d1481c\" data-element_type=\"container\" data-e-type=\"container\">\n\t\t\t\t<div class=\"elementor-element elementor-element-a1574e2 elementor-widget elementor-widget-image\" data-id=\"a1574e2\" data-element_type=\"widget\" data-e-type=\"widget\" data-widget_type=\"image.default\">\n\t\t\t\t<div class=\"elementor-widget-container\">\n\t\t\t\t\t\t\t\t\t\t\t\t\t\t\t<img decoding=\"async\" width=\"1024\" height=\"768\" src=\"https:\/\/www.al-keramik.ch\/wp-content\/uploads\/2024\/08\/alpes-grey-60x120-mosaico-amb-zoom-1-1024x768.jpg\" class=\"attachment-large size-large wp-image-80\" alt=\"\" srcset=\"https:\/\/www.al-keramik.ch\/wp-content\/uploads\/2024\/08\/alpes-grey-60x120-mosaico-amb-zoom-1-1024x768.jpg 1024w, https:\/\/www.al-keramik.ch\/wp-content\/uploads\/2024\/08\/alpes-grey-60x120-mosaico-amb-zoom-1-300x225.jpg 300w, https:\/\/www.al-keramik.ch\/wp-content\/uploads\/2024\/08\/alpes-grey-60x120-mosaico-amb-zoom-1-768x576.jpg 768w, https:\/\/www.al-keramik.ch\/wp-content\/uploads\/2024\/08\/alpes-grey-60x120-mosaico-amb-zoom-1.jpg 1280w\" sizes=\"(max-width: 1024px) 100vw, 1024px\" \/>\t\t\t\t\t\t\t\t\t\t\t\t\t\t\t<\/div>\n\t\t\t\t<\/div>\n\t\t\t\t<\/div>\n\t\t<div class=\"elementor-element elementor-element-57e0ec8 e-con-full e-flex e-con e-child\" data-id=\"57e0ec8\" data-element_type=\"container\" data-e-type=\"container\">\n\t\t\t\t<\/div>\n\t\t<div class=\"elementor-element elementor-element-dcfeddc e-con-full e-flex e-con e-child\" data-id=\"dcfeddc\" data-element_type=\"container\" data-e-type=\"container\">\n\t\t\t\t<\/div>\n\t\t<div class=\"elementor-element elementor-element-533b17b e-con-full e-flex e-con e-child\" data-id=\"533b17b\" data-element_type=\"container\" data-e-type=\"container\">\n\t\t\t\t<\/div>\n\t\t\t\t\t<\/div>\n\t\t\t\t<\/div>\n\t\t\t\t<\/div>\n\t\t","protected":false},"excerpt":{"rendered":"<p>Badezimmer &#8222;Verwandeln Sie Ihr Badezimmer in eine Oase der Entspannung mit unseren stilvollen Karamik-Bel\u00e4gen. Unsere hochwertigen Boden- und Wandbel\u00e4ge sind nicht nur wasserfest und pflegeleicht, sondern auch in einer Vielzahl von Designs erh\u00e4ltlich, die perfekt auf Ihren Geschmack abgestimmt sind. Ob modern, klassisch oder luxuri\u00f6s \u2013 wir helfen Ihnen, Ihr Traumbadezimmer zu gestalten, das Funktionalit\u00e4t [&hellip;]<\/p>\n","protected":false},"author":1,"featured_media":0,"parent":0,"menu_order":0,"comment_status":"closed","ping_status":"closed","template":"","meta":{"ocean_post_layout":"","ocean_both_sidebars_style":"","ocean_both_sidebars_content_width":0,"ocean_both_sidebars_sidebars_width":0,"ocean_sidebar":"","ocean_second_sidebar":"","ocean_disable_margins":"enable","ocean_add_body_class":"","ocean_shortcode_before_top_bar":"","ocean_shortcode_after_top_bar":"","ocean_shortcode_before_header":"","ocean_shortcode_after_header":"","ocean_has_shortcode":"","ocean_shortcode_after_title":"","ocean_shortcode_before_footer_widgets":"","ocean_shortcode_after_footer_widgets":"","ocean_shortcode_before_footer_bottom":"","ocean_shortcode_after_footer_bottom":"","ocean_display_top_bar":"default","ocean_display_header":"default","ocean_header_style":"","ocean_center_header_left_menu":"","ocean_custom_header_template":"","ocean_custom_logo":0,"ocean_custom_retina_logo":0,"ocean_custom_logo_max_width":0,"ocean_custom_logo_tablet_max_width":0,"ocean_custom_logo_mobile_max_width":0,"ocean_custom_logo_max_height":0,"ocean_custom_logo_tablet_max_height":0,"ocean_custom_logo_mobile_max_height":0,"ocean_header_custom_menu":"","ocean_menu_typo_font_family":"","ocean_menu_typo_font_subset":"","ocean_menu_typo_font_size":0,"ocean_menu_typo_font_size_tablet":0,"ocean_menu_typo_font_size_mobile":0,"ocean_menu_typo_font_size_unit":"px","ocean_menu_typo_font_weight":"","ocean_menu_typo_font_weight_tablet":"","ocean_menu_typo_font_weight_mobile":"","ocean_menu_typo_transform":"","ocean_menu_typo_transform_tablet":"","ocean_menu_typo_transform_mobile":"","ocean_menu_typo_line_height":0,"ocean_menu_typo_line_height_tablet":0,"ocean_menu_typo_line_height_mobile":0,"ocean_menu_typo_line_height_unit":"","ocean_menu_typo_spacing":0,"ocean_menu_typo_spacing_tablet":0,"ocean_menu_typo_spacing_mobile":0,"ocean_menu_typo_spacing_unit":"","ocean_menu_link_color":"","ocean_menu_link_color_hover":"","ocean_menu_link_color_active":"","ocean_menu_link_background":"","ocean_menu_link_hover_background":"","ocean_menu_link_active_background":"","ocean_menu_social_links_bg":"","ocean_menu_social_hover_links_bg":"","ocean_menu_social_links_color":"","ocean_menu_social_hover_links_color":"","ocean_disable_title":"on","ocean_disable_heading":"default","ocean_post_title":"","ocean_post_subheading":"","ocean_post_title_style":"","ocean_post_title_background_color":"","ocean_post_title_background":0,"ocean_post_title_bg_image_position":"","ocean_post_title_bg_image_attachment":"","ocean_post_title_bg_image_repeat":"","ocean_post_title_bg_image_size":"","ocean_post_title_height":0,"ocean_post_title_bg_overlay":0.5,"ocean_post_title_bg_overlay_color":"","ocean_disable_breadcrumbs":"default","ocean_breadcrumbs_color":"","ocean_breadcrumbs_separator_color":"","ocean_breadcrumbs_links_color":"","ocean_breadcrumbs_links_hover_color":"","ocean_display_footer_widgets":"default","ocean_display_footer_bottom":"default","ocean_custom_footer_template":"","footnotes":""},"class_list":["post-16","page","type-page","status-publish","hentry","entry"],"_links":{"self":[{"href":"https:\/\/www.al-keramik.ch\/index.php\/wp-json\/wp\/v2\/pages\/16","targetHints":{"allow":["GET"]}}],"collection":[{"href":"https:\/\/www.al-keramik.ch\/index.php\/wp-json\/wp\/v2\/pages"}],"about":[{"href":"https:\/\/www.al-keramik.ch\/index.php\/wp-json\/wp\/v2\/types\/page"}],"author":[{"embeddable":true,"href":"https:\/\/www.al-keramik.ch\/index.php\/wp-json\/wp\/v2\/users\/1"}],"replies":[{"embeddable":true,"href":"https:\/\/www.al-keramik.ch\/index.php\/wp-json\/wp\/v2\/comments?post=16"}],"version-history":[{"count":5,"href":"https:\/\/www.al-keramik.ch\/index.php\/wp-json\/wp\/v2\/pages\/16\/revisions"}],"predecessor-version":[{"id":114,"href":"https:\/\/www.al-keramik.ch\/index.php\/wp-json\/wp\/v2\/pages\/16\/revisions\/114"}],"wp:attachment":[{"href":"https:\/\/www.al-keramik.ch\/index.php\/wp-json\/wp\/v2\/media?parent=16"}],"curies":[{"name":"wp","href":"https:\/\/api.w.org\/{rel}","templated":true}]}}